{"id":51,"date":"2021-12-09T19:25:55","date_gmt":"2021-12-09T18:25:55","guid":{"rendered":"http:\/\/conciliateurs16.fr\/?page_id=51"},"modified":"2022-02-26T17:50:56","modified_gmt":"2022-02-26T16:50:56","slug":"quest-ce","status":"publish","type":"page","link":"https:\/\/conciliateurs16.fr\/?page_id=51","title":{"rendered":"Pourquoi choisir la conciliation ?"},"content":{"rendered":"\n<p>La conciliation de justice est un service gratuit du minist\u00e8re de la justice<br>Le conciliateur de justice est asserment\u00e9 et b\u00e9n\u00e9vole, il est charg\u00e9 de trouver une solution amiable aux litiges<\/p>\n\n\n\n<p> <strong>QUELLES SONT LES COMPETENCES DU CONCILIATEUR DE JUSTICE&nbsp;?<\/strong><\/p>\n\n\n\n<p>Le conciliateur de justice peut intervenir dans les litiges suivants&nbsp;:<br>    <strong> * <\/strong>  Litiges entre bailleurs et locataires<br>     <strong>*<\/strong>   Litiges de consommation<br>     <strong>*<\/strong>   Litiges entre commer\u00e7ants<br>     <strong>* <\/strong>  Litiges entre personnes<br>    <strong> *<\/strong>   litiges de voisinage<br>   <strong>  *  <\/strong> Litiges en mati\u00e8re de droit rural<br>   <strong>  * <\/strong>  Litiges en mati\u00e8re prud&rsquo;homale<br><br>Il ne peut pas intervenir dans les litiges suivants:<br>   <strong>  * <\/strong>  Litiges familiaux (divorces&#8230;.) comp\u00e9tence du<strong> juge des affaires familiales<\/strong><br>    <strong> * <\/strong>  Litiges avec l&rsquo;administration comp\u00e9tence du <strong>d\u00e9fenseur des droits<\/strong> ou du <strong>tribunal administratif <\/strong>  <br><\/p>\n\n\n\n<p><strong>OU TROUVER UN CONCILIATEUR DE JUSTICE&nbsp;<\/strong>?<br><br><strong>Vous pouvez connaitre le conciliateur de votre canton en cliquant <a href=\"https:\/\/conciliateurs16.fr\/?page_id=52\" data-type=\"URL\" data-id=\"https:\/\/conciliateurs16.fr\/?page_id=52\">ici<\/a>.<\/strong><br><\/p>\n\n\n\n<p><strong>CINQ BONNES RAISONS POUR TENTER LA CONCILIATION DE JUSTICE&nbsp;:<\/strong><\/p>\n\n\n\n<p>La conciliation de justice de justice ne vous engage \u00e0 rien d\u2019autre qu\u2019\u00e0 essayer de trouver une solution amiable et n\u00e9goci\u00e9e \u00e0 votre litige.<\/p>\n\n\n\n<p>C\u2019est une solution\u00a0:<br>     <strong>*     FACILE<\/strong>, de proximit\u00e9 et sans formalit\u00e9s<br>    <strong> *     GRATUITE<\/strong> et sans frais <br>    <strong> *     RAPIDE<\/strong> et sans d\u00e9lais<br>    <strong> *     CONFIDENTIELLE<\/strong> et qui pr\u00e9serve vos droits<br>    <strong> *     SURE<\/strong> qui peut \u00eatre enregistr\u00e9e par le tribunal  <br><\/p>\n\n\n\n<p><\/p>\n","protected":false},"excerpt":{"rendered":"<p>La conciliation de justice est un service gratuit du minist\u00e8re de la justiceLe conciliateur de justice est asserment\u00e9 et b\u00e9n\u00e9vole, il est charg\u00e9 de trouver une solution amiable aux litiges QUELLES SONT LES COMPETENCES DU CONCILIATEUR DE JUSTICE&nbsp;? Le conciliateur de justice peut intervenir dans les litiges suivants&nbsp;: * Litiges entre bailleurs et locataires * &#8230; <a title=\"Pourquoi choisir la conciliation ?\" class=\"read-more\" href=\"https:\/\/conciliateurs16.fr\/?page_id=51\" aria-label=\"En savoir plus sur Pourquoi choisir la conciliation ?\">Lire la suite<\/a><\/p>\n","protected":false},"author":1,"featured_media":0,"parent":0,"menu_order":0,"comment_status":"closed","ping_status":"closed","template":"","meta":{"footnotes":""},"_links":{"self":[{"href":"https:\/\/conciliateurs16.fr\/index.php?rest_route=\/wp\/v2\/pages\/51"}],"collection":[{"href":"https:\/\/conciliateurs16.fr\/index.php?rest_route=\/wp\/v2\/pages"}],"about":[{"href":"https:\/\/conciliateurs16.fr\/index.php?rest_route=\/wp\/v2\/types\/page"}],"author":[{"embeddable":true,"href":"https:\/\/conciliateurs16.fr\/index.php?rest_route=\/wp\/v2\/users\/1"}],"replies":[{"embeddable":true,"href":"https:\/\/conciliateurs16.fr\/index.php?rest_route=%2Fwp%2Fv2%2Fcomments&post=51"}],"version-history":[{"count":36,"href":"https:\/\/conciliateurs16.fr\/index.php?rest_route=\/wp\/v2\/pages\/51\/revisions"}],"predecessor-version":[{"id":507,"href":"https:\/\/conciliateurs16.fr\/index.php?rest_route=\/wp\/v2\/pages\/51\/revisions\/507"}],"wp:attachment":[{"href":"https:\/\/conciliateurs16.fr\/index.php?rest_route=%2Fwp%2Fv2%2Fmedia&parent=51"}],"curies":[{"name":"wp","href":"https:\/\/api.w.org\/{rel}","templated":true}]}}